{"id":184,"date":"2017-04-19T15:40:19","date_gmt":"2017-04-19T15:40:19","guid":{"rendered":"http:\/\/builderpress-min.inspirydemos.com\/?post_type=product&#038;p=184"},"modified":"2025-09-21T04:43:00","modified_gmt":"2025-09-21T02:43:00","slug":"caulking-gun","status":"publish","type":"product","link":"http:\/\/modicoenergy.com\/?product=caulking-gun","title":{"rendered":"Panel s\u0142oneczny elastyczny EcoFLEX 100W"},"content":{"rendered":"<p>Szukasz elastycznego, wydajnego i trwa\u0142ego \u017ar\u00f3d\u0142a energii s\u0142onecznej?<\/p>\n<p>Francuski panel s\u0142oneczny elastyczny 100W to idealne rozwi\u0105zanie dla Ciebie!<\/p>\n<p><strong>Dlaczego warto wybra\u0107 ten panel?<\/strong><\/p>\n<p><strong>Lekki i elastyczny<\/strong> \u2013 mo\u017cna go \u0142atwo dopasowa\u0107 do r\u00f3\u017cnych powierzchni, nawet tych nieregularnych, co czyni go idealnym do \u0142odzi, kamper\u00f3w, namiot\u00f3w czy pojazd\u00f3w.<\/p>\n<p><strong>Wysoka wydajno\u015b\u0107 100W<\/strong> \u2013 zapewnia mocne i stabilne zasilanie, pozwalaj\u0105c na \u0142adowanie akumulator\u00f3w i urz\u0105dze\u0144 w ka\u017cdych warunkach.<\/p>\n<p><strong>Francuska jako\u015b\u0107<\/strong> \u2013 precyzyjne wykonanie, trwa\u0142o\u015b\u0107 i niezawodno\u015b\u0107 na d\u0142ugie lata.<\/p>\n<p><strong>Odporno\u015b\u0107 na warunki atmosferyczne<\/strong> \u2013 wodoodporny i odporny na promieniowanie UV, sprawdzi si\u0119 nawet w trudnych warunkach.<\/p>\n<p><strong>\u0141atwa instalacja<\/strong> \u2013 cienki i lekki, mo\u017cna go zamontowa\u0107 na r\u00f3\u017cnych powierzchniach bez konieczno\u015bci wiercenia czy skomplikowanych prac.<\/p>\n<p><strong>Ekologiczne i oszcz\u0119dne<\/strong> \u2013 korzystaj z odnawialnej energii s\u0142onecznej, redukuj\u0105c koszty i emisj\u0119 CO2.<\/p>\n<p>Wybierz francuski elastyczny panel s\u0142oneczny 100W i ciesz si\u0119 niezale\u017cno\u015bci\u0105 energetyczn\u0105 w ka\u017cdych warunkach.<\/p>\n","protected":false},"excerpt":{"rendered":"<p>Wybierz francuski elastyczny panel s\u0142oneczny 100W i ciesz si\u0119 niezale\u017cno\u015bci\u0105 energetyczn\u0105 w ka\u017cdych warunkach.<\/p>\n","protected":false},"featured_media":681,"comment_status":"open","ping_status":"closed","template":"","meta":[],"product_brand":[],"product_cat":[47],"product_tag":[],"class_list":{"0":"post-184","1":"product","2":"type-product","3":"status-publish","4":"has-post-thumbnail","6":"product_cat-panele-sloneczne","8":"first","9":"instock","10":"sale","11":"taxable","12":"shipping-taxable","13":"purchasable","14":"product-type-simple"},"_links":{"self":[{"href":"http:\/\/modicoenergy.com\/index.php?rest_route=\/wp\/v2\/product\/184","targetHints":{"allow":["GET"]}}],"collection":[{"href":"http:\/\/modicoenergy.com\/index.php?rest_route=\/wp\/v2\/product"}],"about":[{"href":"http:\/\/modicoenergy.com\/index.php?rest_route=\/wp\/v2\/types\/product"}],"replies":[{"embeddable":true,"href":"http:\/\/modicoenergy.com\/index.php?rest_route=%2Fwp%2Fv2%2Fcomments&post=184"}],"wp:featuredmedia":[{"embeddable":true,"href":"http:\/\/modicoenergy.com\/index.php?rest_route=\/wp\/v2\/media\/681"}],"wp:attachment":[{"href":"http:\/\/modicoenergy.com\/index.php?rest_route=%2Fwp%2Fv2%2Fmedia&parent=184"}],"wp:term":[{"taxonomy":"product_brand","embeddable":true,"href":"http:\/\/modicoenergy.com\/index.php?rest_route=%2Fwp%2Fv2%2Fproduct_brand&post=184"},{"taxonomy":"product_cat","embeddable":true,"href":"http:\/\/modicoenergy.com\/index.php?rest_route=%2Fwp%2Fv2%2Fproduct_cat&post=184"},{"taxonomy":"product_tag","embeddable":true,"href":"http:\/\/modicoenergy.com\/index.php?rest_route=%2Fwp%2Fv2%2Fproduct_tag&post=184"}],"curies":[{"name":"wp","href":"https:\/\/api.w.org\/{rel}","templated":true}]}}