{"id":581,"date":"2017-04-19T17:22:39","date_gmt":"2017-04-19T17:22:39","guid":{"rendered":"http:\/\/builderpress-min.inspirydemos.com\/?post_type=product&#038;p=192"},"modified":"2025-05-09T20:17:51","modified_gmt":"2025-05-09T18:17:51","slug":"handsaw","status":"publish","type":"product","link":"http:\/\/modicoenergy.com\/?product=handsaw","title":{"rendered":"Reflektorek ogrodowy"},"content":{"rendered":"<p>Szukasz stylowego i funkcjonalnego o\u015bwietlenia? Reflektor LED 12 V z w\u0142oskim designem to po\u0142\u0105czenie elegancji, jako\u015bci i niezawodno\u015bci!<\/p>\n<p><strong>Dlaczego warto wybra\u0107 ten reflektor?<\/strong><\/p>\n<ul>\n<li><strong>Wyj\u0105tkowy w\u0142oski styl<\/strong>\u00a0\u2013 elegancki i nowoczesny design, kt\u00f3ry doda klasy ka\u017cdemu wn\u0119trzu czy pojazdowi.<\/li>\n<li><strong>Energooszcz\u0119dno\u015b\u0107<\/strong>\u00a0\u2013 LED-y zu\u017cywaj\u0105 minimalnie wi\u0119cej energii, a daj\u0105 mocne, jasne \u015bwiat\u0142o.<\/li>\n<li><strong>D\u0142uga \u017cywotno\u015b\u0107<\/strong>\u00a0\u2013 nawet do 25 000 godzin u\u017cytkowania, wi\u0119c nie musisz si\u0119 martwi\u0107 o cz\u0119st\u0105 wymian\u0119.<\/li>\n<li><strong>Wysoka jako\u015b\u0107 wykonania<\/strong>\u00a0\u2013 solidne materia\u0142y i precyzyjne wyko\u0144czenie, kt\u00f3re gwarantuj\u0105 trwa\u0142o\u015b\u0107 i estetyk\u0119.<\/li>\n<li><strong>Uniwersalno\u015b\u0107<\/strong>\u00a0\u2013 idealny do samochod\u00f3w, kamper\u00f3w, dom\u00f3w czy przestrzeni komercyjnych, gdzie potrzebujesz mocnego, stylowego o\u015bwietlenia.<\/li>\n<li><strong>W\u0142oski design<\/strong>\u00a0\u2013 po\u0142\u0105czenie funkcjonalno\u015bci z elegancj\u0105, kt\u00f3re podkre\u015bli Tw\u00f3j gust i styl.<\/li>\n<\/ul>\n<p>Wybierz reflektor LED 12 V z w\u0142oskim designem i ciesz si\u0119 nie tylko jasnym \u015bwiat\u0142em, ale tak\u017ce wyj\u0105tkowym stylem!<\/p>\n","protected":false},"excerpt":{"rendered":"<p>Wybierz reflektor LED 12 V z w\u0142oskim designem i ciesz si\u0119 nie tylko jasnym \u015bwiat\u0142em, ale tak\u017ce wyj\u0105tkowym stylem!<\/p>\n","protected":false},"featured_media":659,"comment_status":"open","ping_status":"closed","template":"","meta":[],"product_brand":[],"product_cat":[46],"product_tag":[],"class_list":{"0":"post-581","1":"product","2":"type-product","3":"status-publish","4":"has-post-thumbnail","6":"product_cat-reflektorki","8":"first","9":"instock","10":"taxable","11":"shipping-taxable","12":"purchasable","13":"product-type-simple"},"_links":{"self":[{"href":"http:\/\/modicoenergy.com\/index.php?rest_route=\/wp\/v2\/product\/581","targetHints":{"allow":["GET"]}}],"collection":[{"href":"http:\/\/modicoenergy.com\/index.php?rest_route=\/wp\/v2\/product"}],"about":[{"href":"http:\/\/modicoenergy.com\/index.php?rest_route=\/wp\/v2\/types\/product"}],"replies":[{"embeddable":true,"href":"http:\/\/modicoenergy.com\/index.php?rest_route=%2Fwp%2Fv2%2Fcomments&post=581"}],"wp:featuredmedia":[{"embeddable":true,"href":"http:\/\/modicoenergy.com\/index.php?rest_route=\/wp\/v2\/media\/659"}],"wp:attachment":[{"href":"http:\/\/modicoenergy.com\/index.php?rest_route=%2Fwp%2Fv2%2Fmedia&parent=581"}],"wp:term":[{"taxonomy":"product_brand","embeddable":true,"href":"http:\/\/modicoenergy.com\/index.php?rest_route=%2Fwp%2Fv2%2Fproduct_brand&post=581"},{"taxonomy":"product_cat","embeddable":true,"href":"http:\/\/modicoenergy.com\/index.php?rest_route=%2Fwp%2Fv2%2Fproduct_cat&post=581"},{"taxonomy":"product_tag","embeddable":true,"href":"http:\/\/modicoenergy.com\/index.php?rest_route=%2Fwp%2Fv2%2Fproduct_tag&post=581"}],"curies":[{"name":"wp","href":"https:\/\/api.w.org\/{rel}","templated":true}]}}