{"id":582,"date":"2017-04-19T17:24:56","date_gmt":"2017-04-19T17:24:56","guid":{"rendered":"http:\/\/builderpress-min.inspirydemos.com\/?post_type=product&#038;p=194"},"modified":"2025-12-28T11:15:07","modified_gmt":"2025-12-28T10:15:07","slug":"wrench-set","status":"publish","type":"product","link":"http:\/\/modicoenergy.com\/?product=wrench-set","title":{"rendered":"\u017bar\u00f3wka LED 12V 3W E27 4000K"},"content":{"rendered":"<p>Wybierz \u017car\u00f3wk\u0119 LED 12 V i ciesz si\u0119 jasnym, oszcz\u0119dnym i ekologicznym o\u015bwietleniem na co dzie\u0144!<\/p>\n<p>Szuka\u0142e\u015b niezawodnego i energooszcz\u0119dnego \u017ar\u00f3d\u0142a \u015bwiat\u0142a? \u017bar\u00f3wka LED 12 V to idealny wyb\u00f3r dla Ciebie!<\/p>\n<p><strong>Dlaczego warto j\u0105 wybra\u0107?<\/strong><\/p>\n<ul>\n<li><strong>Niskie zu\u017cycie energii<\/strong>\u00a0\u2013 dzi\u0119ki technologii LED, \u017car\u00f3wka zu\u017cywa znacznie mniej pr\u0105du ni\u017c tradycyjne \u017car\u00f3wki, co przek\u0142ada si\u0119 na mniejsze rachunki za energi\u0119.<\/li>\n<li><strong>D\u0142uga \u017cywotno\u015b\u0107<\/strong>\u00a0\u2013 LED-y mog\u0105 \u015bwieci\u0107 nawet do 25 000 godzin, wi\u0119c rzadziej musisz si\u0119 martwi\u0107 o wymian\u0119.<\/li>\n<li><strong>Jasne i naturalne \u015bwiat\u0142o<\/strong>\u00a0\u2013 zapewnia komfortowe o\u015bwietlenie, kt\u00f3re nie m\u0119czy oczu.<\/li>\n<li><strong>Kompatybilno\u015b\u0107 z 12 V systemami<\/strong>\u00a0\u2013 idealna do samochod\u00f3w, \u0142odzi, camper\u00f3w i innych pojazd\u00f3w, gdzie standardowe \u017car\u00f3wki mog\u0105 nie dzia\u0142a\u0107.<\/li>\n<li><strong>Ekologiczne rozwi\u0105zanie<\/strong>\u00a0\u2013 brak szkodliwych substancji, takich jak rt\u0119\u0107, i mniejsza emisja CO2.<\/li>\n<\/ul>\n<p>&nbsp;<\/p>\n","protected":false},"excerpt":{"rendered":"<p>Etiam porta sem malesuada magna mollis euismod. Donec ullamcorper nulla non metus auctor fringilla. Cum sociis natoque penatibus et magnis dis parturient montes, nascetur ridiculus mus. Aenean lacinia bibendum nulla sed consectetur. Lorem ipsum dolor sit amet, consectetur adipiscing elit.<\/p>\n","protected":false},"featured_media":651,"comment_status":"open","ping_status":"closed","template":"","meta":[],"product_brand":[],"product_cat":[45],"product_tag":[],"class_list":{"0":"post-582","1":"product","2":"type-product","3":"status-publish","4":"has-post-thumbnail","6":"product_cat-zarowki","8":"first","9":"instock","10":"taxable","11":"shipping-taxable","12":"purchasable","13":"product-type-simple"},"_links":{"self":[{"href":"http:\/\/modicoenergy.com\/index.php?rest_route=\/wp\/v2\/product\/582","targetHints":{"allow":["GET"]}}],"collection":[{"href":"http:\/\/modicoenergy.com\/index.php?rest_route=\/wp\/v2\/product"}],"about":[{"href":"http:\/\/modicoenergy.com\/index.php?rest_route=\/wp\/v2\/types\/product"}],"replies":[{"embeddable":true,"href":"http:\/\/modicoenergy.com\/index.php?rest_route=%2Fwp%2Fv2%2Fcomments&post=582"}],"wp:featuredmedia":[{"embeddable":true,"href":"http:\/\/modicoenergy.com\/index.php?rest_route=\/wp\/v2\/media\/651"}],"wp:attachment":[{"href":"http:\/\/modicoenergy.com\/index.php?rest_route=%2Fwp%2Fv2%2Fmedia&parent=582"}],"wp:term":[{"taxonomy":"product_brand","embeddable":true,"href":"http:\/\/modicoenergy.com\/index.php?rest_route=%2Fwp%2Fv2%2Fproduct_brand&post=582"},{"taxonomy":"product_cat","embeddable":true,"href":"http:\/\/modicoenergy.com\/index.php?rest_route=%2Fwp%2Fv2%2Fproduct_cat&post=582"},{"taxonomy":"product_tag","embeddable":true,"href":"http:\/\/modicoenergy.com\/index.php?rest_route=%2Fwp%2Fv2%2Fproduct_tag&post=582"}],"curies":[{"name":"wp","href":"https:\/\/api.w.org\/{rel}","templated":true}]}}